{"id":21,"date":"2025-07-21T15:34:22","date_gmt":"2025-07-21T15:34:22","guid":{"rendered":"http:\/\/gardiennedespierres.fr\/?page_id=21"},"modified":"2026-03-19T17:24:50","modified_gmt":"2026-03-19T17:24:50","slug":"entretien-tombes","status":"publish","type":"page","link":"https:\/\/gardiennedespierres.fr\/","title":{"rendered":"Entretien tombes"},"content":{"rendered":"\n<div class=\"wp-block-cover alignfull is-light\" style=\"min-height:50px;aspect-ratio:unset;\"><img loading=\"lazy\" decoding=\"async\" width=\"640\" height=\"480\" class=\"wp-block-cover__image-background wp-image-42 size-full\" alt=\"\" src=\"http:\/\/gardiennedespierres.fr\/wp-content\/uploads\/2025\/07\/calvary-cemetery-895022_640.jpg\" style=\"object-position:57% 28%\" data-object-fit=\"cover\" data-object-position=\"57% 28%\" srcset=\"https:\/\/gardiennedespierres.fr\/wp-content\/uploads\/2025\/07\/calvary-cemetery-895022_640.jpg 640w, https:\/\/gardiennedespierres.fr\/wp-content\/uploads\/2025\/07\/calvary-cemetery-895022_640-300x225.jpg 300w\" sizes=\"auto, (max-width: 640px) 100vw, 640px\" \/><span aria-hidden=\"true\" class=\"wp-block-cover__background has-black-background-color has-background-dim-0 has-background-dim\"><\/span><div class=\"wp-block-cover__inner-container is-layout-flow wp-block-cover-is-layout-flow\">\n<div class=\"wp-block-group gdp-intro has-global-padding is-layout-constrained wp-block-group-is-layout-constrained\">\n<h6 class=\"wp-block-heading alignwide has-text-align-center\">Nettoyage, Entretien, Fleurissement<br>des s\u00e9pultures dans le Var<\/h6>\n\n\n\n<p class=\"has-text-align-left\">Nous savons que le temps et la distance peuvent rendre difficile l\u2019entretien r\u00e9gulier des tombes de vos proches.<br><br> Gardienne des Pierres vous propose ses services (secteur Var).<br><br> Afin de garder ce lieu de recueillement digne, nous vous fournissons un service personnalis\u00e9 et accessible de nettoyage et de fleurissement. Chaque intervention est r\u00e9alis\u00e9e avec le plus grand soin.<br><br> Nos prestations comprennent l\u2019envoi de photos afin que vous puissiez constater le soin apport\u00e9.<br><\/p>\n\n\n\n<p class=\"has-text-align-right\">Pour entretenir le souvenir<\/p>\n<\/div>\n<\/div><\/div>\n\n\n\n<h2 class=\"wp-block-heading has-text-align-center gdp-title\" id=\"nos-services\">Nos services<\/h2>\n\n\n\n<div class=\"wp-block-columns is-layout-flex wp-container-core-columns-is-layout-13e94aa7 wp-block-columns-is-layout-flex\">\n<div class=\"wp-block-column is-layout-flow wp-container-core-column-is-layout-fe0e2ea3 wp-block-column-is-layout-flow\">\n<figure class=\"wp-block-image size-full\"><img loading=\"lazy\" decoding=\"async\" width=\"1706\" height=\"2560\" src=\"http:\/\/gardiennedespierres.fr\/wp-content\/uploads\/2025\/07\/pelayo-arbues-AmauvVGKPUQ-unsplash-scaled.jpg\" alt=\"\" class=\"wp-image-45\" srcset=\"https:\/\/gardiennedespierres.fr\/wp-content\/uploads\/2025\/07\/pelayo-arbues-AmauvVGKPUQ-unsplash-scaled.jpg 1706w, https:\/\/gardiennedespierres.fr\/wp-content\/uploads\/2025\/07\/pelayo-arbues-AmauvVGKPUQ-unsplash-200x300.jpg 200w, https:\/\/gardiennedespierres.fr\/wp-content\/uploads\/2025\/07\/pelayo-arbues-AmauvVGKPUQ-unsplash-682x1024.jpg 682w, https:\/\/gardiennedespierres.fr\/wp-content\/uploads\/2025\/07\/pelayo-arbues-AmauvVGKPUQ-unsplash-768x1153.jpg 768w, https:\/\/gardiennedespierres.fr\/wp-content\/uploads\/2025\/07\/pelayo-arbues-AmauvVGKPUQ-unsplash-1023x1536.jpg 1023w, https:\/\/gardiennedespierres.fr\/wp-content\/uploads\/2025\/07\/pelayo-arbues-AmauvVGKPUQ-unsplash-1365x2048.jpg 1365w\" sizes=\"auto, (max-width: 1706px) 100vw, 1706px\" \/><\/figure>\n\n\n\n<h4 class=\"wp-block-heading has-text-color\" style=\"color:#536942;margin-top:1.75rem;font-size:clamp(14.642px, 0.915rem + ((1vw - 3.2px) * 0.836), 22px);font-style:normal;font-weight:400\"><mark style=\"background-color:rgba(0, 0, 0, 0);color:#1e311c\" class=\"has-inline-color\">Nettoyage ponctuel ou r\u00e9gulier<\/mark><\/h4>\n\n\n\n<p class=\"has-text-color\" style=\"color:#768667;margin-bottom:0rem;font-size:clamp(14px, 0.875rem + ((1vw - 3.2px) * 0.227), 16px);\"><mark style=\"background-color:rgba(0, 0, 0, 0)\" class=\"has-inline-color has-black-color\">Nettoyage complet : D\u00e9sherbage autour de la s\u00e9pulture, enl\u00e8vement des fleurs\/plantes fan\u00e9es, d\u00e9poussi\u00e9rage, brossage manuel de la s\u00e9pulture avec produits \u00e9cologiques, nettoyage des ornements, rin\u00e7age.<\/mark><\/p>\n<\/div>\n\n\n\n<div class=\"wp-block-column is-layout-flow wp-container-core-column-is-layout-fe0e2ea3 wp-block-column-is-layout-flow\">\n<figure class=\"wp-block-image size-full\"><img loading=\"lazy\" decoding=\"async\" width=\"1707\" height=\"2560\" src=\"http:\/\/gardiennedespierres.fr\/wp-content\/uploads\/2025\/07\/tim-schmidbauer-hMjXW8QFOc8-unsplash-scaled.jpg\" alt=\"\" class=\"wp-image-88\" style=\"aspect-ratio:2\/3;object-fit:cover\" srcset=\"https:\/\/gardiennedespierres.fr\/wp-content\/uploads\/2025\/07\/tim-schmidbauer-hMjXW8QFOc8-unsplash-scaled.jpg 1707w, https:\/\/gardiennedespierres.fr\/wp-content\/uploads\/2025\/07\/tim-schmidbauer-hMjXW8QFOc8-unsplash-200x300.jpg 200w, https:\/\/gardiennedespierres.fr\/wp-content\/uploads\/2025\/07\/tim-schmidbauer-hMjXW8QFOc8-unsplash-683x1024.jpg 683w, https:\/\/gardiennedespierres.fr\/wp-content\/uploads\/2025\/07\/tim-schmidbauer-hMjXW8QFOc8-unsplash-768x1152.jpg 768w, https:\/\/gardiennedespierres.fr\/wp-content\/uploads\/2025\/07\/tim-schmidbauer-hMjXW8QFOc8-unsplash-1024x1536.jpg 1024w, https:\/\/gardiennedespierres.fr\/wp-content\/uploads\/2025\/07\/tim-schmidbauer-hMjXW8QFOc8-unsplash-1365x2048.jpg 1365w\" sizes=\"auto, (max-width: 1707px) 100vw, 1707px\" \/><\/figure>\n\n\n\n<h4 class=\"wp-block-heading has-text-color\" style=\"color:#536942;margin-top:1.75rem;font-size:clamp(14.642px, 0.915rem + ((1vw - 3.2px) * 0.836), 22px);font-style:normal;font-weight:400\"><mark style=\"background-color:rgba(0, 0, 0, 0);color:#1e311c\" class=\"has-inline-color\">Fleurissement<\/mark><\/h4>\n\n\n\n<p class=\"has-text-color\" style=\"color:#768667;font-size:clamp(14px, 0.875rem + ((1vw - 3.2px) * 0.227), 16px);\"><mark style=\"background-color:rgba(0, 0, 0, 0)\" class=\"has-inline-color has-black-color\">Plantation de plantes vivaces ou plantes de saison en pot ou bouquet de fleurs coup\u00e9es.<\/mark><\/p>\n<\/div>\n\n\n\n<div class=\"wp-block-column is-layout-flow wp-container-core-column-is-layout-da1d6529 wp-block-column-is-layout-flow\">\n<figure class=\"wp-block-image size-full\"><img loading=\"lazy\" decoding=\"async\" width=\"1722\" height=\"2560\" src=\"http:\/\/gardiennedespierres.fr\/wp-content\/uploads\/2025\/07\/gunnar-ridderstrom-JWIYN7yo_hY-unsplash-2-scaled.jpg\" alt=\"\" class=\"wp-image-50\" srcset=\"https:\/\/gardiennedespierres.fr\/wp-content\/uploads\/2025\/07\/gunnar-ridderstrom-JWIYN7yo_hY-unsplash-2-scaled.jpg 1722w, https:\/\/gardiennedespierres.fr\/wp-content\/uploads\/2025\/07\/gunnar-ridderstrom-JWIYN7yo_hY-unsplash-2-202x300.jpg 202w, https:\/\/gardiennedespierres.fr\/wp-content\/uploads\/2025\/07\/gunnar-ridderstrom-JWIYN7yo_hY-unsplash-2-689x1024.jpg 689w, https:\/\/gardiennedespierres.fr\/wp-content\/uploads\/2025\/07\/gunnar-ridderstrom-JWIYN7yo_hY-unsplash-2-768x1142.jpg 768w, https:\/\/gardiennedespierres.fr\/wp-content\/uploads\/2025\/07\/gunnar-ridderstrom-JWIYN7yo_hY-unsplash-2-1033x1536.jpg 1033w, https:\/\/gardiennedespierres.fr\/wp-content\/uploads\/2025\/07\/gunnar-ridderstrom-JWIYN7yo_hY-unsplash-2-1378x2048.jpg 1378w\" sizes=\"auto, (max-width: 1722px) 100vw, 1722px\" \/><\/figure>\n\n\n\n<h4 class=\"wp-block-heading has-text-color\" style=\"color:#536942;margin-top:1.75rem;font-size:clamp(14.642px, 0.915rem + ((1vw - 3.2px) * 0.836), 22px);font-style:normal;font-weight:400\"><mark style=\"background-color:rgba(0, 0, 0, 0);color:#1e311c\" class=\"has-inline-color\">Rapport photos<\/mark><\/h4>\n\n\n\n<p class=\"has-text-color\" style=\"color:#768667;font-size:clamp(14px, 0.875rem + ((1vw - 3.2px) * 0.227), 16px);\"><mark style=\"background-color:rgba(0, 0, 0, 0)\" class=\"has-inline-color has-black-color\">Pour chaque intervention, nous vous envoyons un avant\/apr\u00e8s par e-mail ou sms afin que vous puissiez constater la prestation.<\/mark><\/p>\n<\/div>\n<\/div>\n\n\n\n<h2 class=\"wp-block-heading has-text-align-center has-x-large-font-size\" id=\"nos-tarifs\">Nos tarifs<\/h2>\n\n\n\n<section class=\"wp-block-group alignfull has-text-color is-vertical is-nowrap is-layout-flex wp-container-core-group-is-layout-890785c0 wp-block-group-is-layout-flex\" style=\"color:#03081e;margin-top:0px;padding-top:4.01rem;padding-right:1rem;padding-bottom:5.5rem;padding-left:1rem;font-size:clamp(0.875rem, 0.875rem + ((1vw - 0.2rem) * 0.464), 1.13rem);font-style:normal;font-weight:400;line-height:1.4\">\n<div class=\"wp-block-columns is-layout-flex wp-container-core-columns-is-layout-db2df21c wp-block-columns-is-layout-flex\" style=\"margin-bottom:0px\">\n<div class=\"wp-block-column is-layout-flow wp-block-column-is-layout-flow\">\n<p class=\"has-text-align-center has-large-font-size\"><mark style=\"background-color:rgba(0, 0, 0, 0);color:#1e311c\" class=\"has-inline-color\">Nettoyage ponctuel<\/mark><\/p>\n\n\n\n<p>Intervention post obs\u00e8que : 60 euros<\/p>\n\n\n\n<figure class=\"wp-block-table\"><table class=\"has-fixed-layout\"><tbody><tr><td class=\"has-text-align-center\" data-align=\"center\"><\/td><td class=\"has-text-align-center\" data-align=\"center\">Pierre lisse<\/td><td class=\"has-text-align-center\" data-align=\"center\">Pierre brute<\/td><\/tr><tr><td class=\"has-text-align-center\" data-align=\"center\">Tombe simple<\/td><td class=\"has-text-align-center\" data-align=\"center\">80\u20ac<\/td><td class=\"has-text-align-center\" data-align=\"center\">160\u20ac<\/td><\/tr><tr><td class=\"has-text-align-center\" data-align=\"center\">Tombe double<\/td><td class=\"has-text-align-center\" data-align=\"center\">130\u20ac<\/td><td class=\"has-text-align-center\" data-align=\"center\">260\u20ac<\/td><\/tr><tr><td class=\"has-text-align-center\" data-align=\"center\">Cavurne 60*60<br>Cavurne 80*80<\/td><td class=\"has-text-align-center\" data-align=\"center\">55\u20ac<br>70\u20ac<\/td><td class=\"has-text-align-center\" data-align=\"center\">80\u20ac<br>100\u20ac<\/td><\/tr><tr><td class=\"has-text-align-center\" data-align=\"center\">Columbarium<\/td><td class=\"has-text-align-center\" data-align=\"center\">50\u20ac<\/td><td class=\"has-text-align-center\" data-align=\"center\">70\u20ac<\/td><\/tr><\/tbody><\/table><\/figure>\n\n\n\n<p class=\"has-text-align-left has-large-font-size\">Pour toute intervention suppl\u00e9mentaire :<\/p>\n\n\n\n<p>Tarifs d\u00e9gressifs :<br> &#8211; Moins 20% d\u00e8s la deuxi\u00e8me intervention.<br> &#8211; Moins 25% \u00e0 la troisi\u00e8me intervention.<br> &#8211; Moins 30% au del\u00e0 de 3 interventions.<br>Pourcentage calcul\u00e9 sur le tarif d&#8217;un nettoyage ponctuel.<\/p>\n\n\n\n<p class=\"has-large-font-size\"><mark style=\"background-color:rgba(0, 0, 0, 0);color:#1e311c\" class=\"has-inline-color\">Fleurissement<\/mark><\/p>\n\n\n\n<p><br>Plantes ou fleurs \u00e0 d\u00e9finir avec vous suivant la saison.<br>A partir de 20 euros.<\/p>\n<\/div>\n\n\n\n<div class=\"wp-block-column has-global-padding is-content-justification-left is-layout-constrained wp-container-core-column-is-layout-12dd3699 wp-block-column-is-layout-constrained\" style=\"flex-basis:50%\">\n<figure class=\"wp-block-image alignright size-full is-resized\"><img loading=\"lazy\" decoding=\"async\" width=\"1762\" height=\"2560\" src=\"http:\/\/gardiennedespierres.fr\/wp-content\/uploads\/2025\/07\/esau-fuentes-gonzalez-d1xpR033Hlk-unsplash-1-scaled.jpg\" alt=\"\" class=\"wp-image-46\" style=\"width:464px;height:auto\" srcset=\"https:\/\/gardiennedespierres.fr\/wp-content\/uploads\/2025\/07\/esau-fuentes-gonzalez-d1xpR033Hlk-unsplash-1-scaled.jpg 1762w, https:\/\/gardiennedespierres.fr\/wp-content\/uploads\/2025\/07\/esau-fuentes-gonzalez-d1xpR033Hlk-unsplash-1-207x300.jpg 207w, https:\/\/gardiennedespierres.fr\/wp-content\/uploads\/2025\/07\/esau-fuentes-gonzalez-d1xpR033Hlk-unsplash-1-705x1024.jpg 705w, https:\/\/gardiennedespierres.fr\/wp-content\/uploads\/2025\/07\/esau-fuentes-gonzalez-d1xpR033Hlk-unsplash-1-768x1116.jpg 768w, https:\/\/gardiennedespierres.fr\/wp-content\/uploads\/2025\/07\/esau-fuentes-gonzalez-d1xpR033Hlk-unsplash-1-1057x1536.jpg 1057w, https:\/\/gardiennedespierres.fr\/wp-content\/uploads\/2025\/07\/esau-fuentes-gonzalez-d1xpR033Hlk-unsplash-1-1410x2048.jpg 1410w\" sizes=\"auto, (max-width: 1762px) 100vw, 1762px\" \/><\/figure>\n<\/div>\n<\/div>\n\n\n\n<p><br><\/p>\n<\/section>\n\n\n\n<h2 class=\"wp-block-heading has-text-align-center\" id=\"nous-contacter\">Nous contacter<\/h2>\n\n\n\n<p class=\"has-text-color has-link-color wp-elements-6bd043e53f41f6657e4668158fda0792\" style=\"color:#050000;line-height:1.5\">T\u00e9l\u00e9phone : 0628726919<br>Mail : Gardiennedespierres@gmail.com<\/p>\n\n\n\n<pre class=\"wp-block-preformatted\" style=\"font-size:clamp(14px, 0.875rem + ((1vw - 3.2px) * 0.341), 17px);line-height:1.5\">\n<div class=\"wpcf7 no-js\" id=\"wpcf7-f96-o1\" lang=\"fr-FR\" dir=\"ltr\" data-wpcf7-id=\"96\">\n<div class=\"screen-reader-response\"><p role=\"status\" aria-live=\"polite\" aria-atomic=\"true\"><\/p> <ul><\/ul><\/div>\n<form action=\"\/index.php\/wp-json\/wp\/v2\/pages\/21#wpcf7-f96-o1\" method=\"post\" class=\"wpcf7-form init\" aria-label=\"Formulaire de contact\" novalidate=\"novalidate\" data-status=\"init\">\n<fieldset class=\"hidden-fields-container\"><input type=\"hidden\" name=\"_wpcf7\" value=\"96\" \/><input type=\"hidden\" name=\"_wpcf7_version\" value=\"6.1.5\" \/><input type=\"hidden\" name=\"_wpcf7_locale\" value=\"fr_FR\" \/><input type=\"hidden\" name=\"_wpcf7_unit_tag\" value=\"wpcf7-f96-o1\" \/><input type=\"hidden\" name=\"_wpcf7_container_post\" value=\"0\" \/><input type=\"hidden\" name=\"_wpcf7_posted_data_hash\" value=\"\" \/>\n<\/fieldset>\n<table>\n\t<tr>\n\t\t<td>\n\t\t\t<p><label>Votre Nom<\/label>\n\t\t\t<\/p>\n\t\t<\/td>\n\t\t<td>\n\t\t\t<p><span class=\"wpcf7-form-control-wrap\" data-name=\"your-name\"><input size=\"40\" maxlength=\"400\" class=\"wpcf7-form-control wpcf7-text wpcf7-validates-as-required\" autocomplete=\"name\" aria-required=\"true\" aria-invalid=\"false\" value=\"\" type=\"text\" name=\"your-name\" \/><\/span>\n\t\t\t<\/p>\n\t\t<\/td>\n\t<\/tr>\n\t<tr>\n\t\t<td>\n\t\t\t<p><label>Votre e-mail<\/label>\n\t\t\t<\/p>\n\t\t<\/td>\n\t\t<td>\n\t\t\t<p><span class=\"wpcf7-form-control-wrap\" data-name=\"your-email\"><input size=\"40\" maxlength=\"400\" class=\"wpcf7-form-control wpcf7-email wpcf7-validates-as-required wpcf7-text wpcf7-validates-as-email\" autocomplete=\"email\" aria-required=\"true\" aria-invalid=\"false\" value=\"\" type=\"email\" name=\"your-email\" \/><\/span>\n\t\t\t<\/p>\n\t\t<\/td>\n\t<\/tr>\n\t<tr>\n\t\t<td>\n\t\t\t<p><label>Votre num\u00e9ro de t\u00e9l\u00e9phone<\/label>\n\t\t\t<\/p>\n\t\t<\/td>\n\t\t<td>\n\t\t\t<p><span class=\"wpcf7-form-control-wrap\" data-name=\"tel-973\"><input size=\"40\" maxlength=\"400\" minlength=\"10\" class=\"wpcf7-form-control wpcf7-tel wpcf7-validates-as-required wpcf7-text wpcf7-validates-as-tel\" aria-required=\"true\" aria-invalid=\"false\" value=\"\" type=\"tel\" name=\"tel-973\" \/><\/span>\n\t\t\t<\/p>\n\t\t<\/td>\n\t<\/tr>\n\t<tr>\n\t\t<td>\n\t\t\t<p><label>Commune de la s\u00e9pulture<\/label>\n\t\t\t<\/p>\n\t\t<\/td>\n\t\t<td>\n\t\t\t<p><span class=\"wpcf7-form-control-wrap\" data-name=\"your-subject\"><input size=\"40\" maxlength=\"400\" class=\"wpcf7-form-control wpcf7-text wpcf7-validates-as-required\" aria-required=\"true\" aria-invalid=\"false\" value=\"\" type=\"text\" name=\"your-subject\" \/><\/span>\n\t\t\t<\/p>\n\t\t<\/td>\n\t<\/tr>\n\t<tr>\n\t\t<td>\n\t\t\t<p><label>Votre message (facultatif)<\/label>\n\t\t\t<\/p>\n\t\t<\/td>\n\t\t<td>\n\t\t\t<p><span class=\"wpcf7-form-control-wrap\" data-name=\"your-message\"><textarea cols=\"40\" rows=\"10\" maxlength=\"2000\" class=\"wpcf7-form-control wpcf7-textarea\" aria-invalid=\"false\" name=\"your-message\"><\/textarea><\/span>\n\t\t\t<\/p>\n\t\t<\/td>\n\t<\/tr>\n<\/table>\n<p><input class=\"wpcf7-form-control wpcf7-submit has-spinner\" type=\"submit\" value=\"Envoyer\" \/>\n<\/p><div class=\"wpcf7-response-output\" aria-hidden=\"true\"><\/div>\n<\/form>\n<\/div>\n<br><\/pre>\n\n\n\n<h2 class=\"wp-block-heading has-text-align-center\">Lieux de prestations<\/h2>\n\n\n\n<ul class=\"wp-block-list\">\n<li>Drac\u00e9nie : Ampus, Barg\u00e8me, Bargemon, Callas, Ch\u00e2teaudouble, Claviers, Comps-sur-Artuby, Draguignan, Figani\u00e8res, Flayosc, La Bastide, La Motte, La Roque-Esclapon, Les Arcs-sur-Argens, Le Muy, Lorgues, Montferrat, Saint-Antonin du Var, Salernes, Sillans-la-Cascade, Trans-en-Provence, Taradeau, Vidauban.<\/li>\n<\/ul>\n\n\n\n<p>Pour les communes suivantes, frais de d\u00e9placement de 10 euros<\/p>\n\n\n\n<ul class=\"wp-block-list\">\n<li>Lacs et Gorges du Verdon : Aups, Aiguines, Artignosc-sur-Verdon, Baudinard-sur-Verdon, Bauduen, Le Bourget, Brenon, Ch\u00e2teauvieux, La Martre, Moissac-Bellevue, R\u00e9gusse, Les Salles-sur-Verdon, Tourtour, Trigance, V\u00e9rignon, Villecroze.<\/li>\n\n\n\n<li>Golfe de Saint-Tropez : Cavalaire-sur-Mer, Cogolin, Gassin, Grimaud, La Croix-Valmer, La Garde-Freinet, La M\u00f4le, Le Rayol-Canadel-sur-Mer, Le Plan-de-la-Tour, Ramatuelle, Saint-Tropez, Sainte-Maxime.<\/li>\n\n\n\n<li>Est\u00e9rel C\u00f4te d&#8217;Azur : Saint-Rapha\u00ebl, Les Adrets-de-l&#8217;Est\u00e9rel, Fr\u00e9jus, Puget-sur-Argens, Roquebrune-sur-Argens.<\/li>\n\n\n\n<li>Provence Verdon : Varages, Artigues, Barjols, Brue-Auriac, Esparron, Fox-Amphoux, Ginasservie, Montmeyan, Pontev\u00e8s, Rians, Saint-Julien, Saint-Martin-de-Palli\u00e8res, Seillons-Source-d&#8217;Argens, Tavernes, La Verdi\u00e8re.<\/li>\n<\/ul>\n\n\n\n<h2 class=\"wp-block-heading has-text-align-center\" id=\"avant-apres\">Avant \/ Apr\u00e8s<\/h2>\n\n\n\n<figure class=\"wp-block-image size-large\"><img loading=\"lazy\" decoding=\"async\" width=\"1024\" height=\"1024\" src=\"http:\/\/gardiennedespierres.fr\/wp-content\/uploads\/2025\/07\/FunPic_20250730_083344382-1024x1024.jpg\" alt=\"\" class=\"wp-image-213\" srcset=\"https:\/\/gardiennedespierres.fr\/wp-content\/uploads\/2025\/07\/FunPic_20250730_083344382-1024x1024.jpg 1024w, https:\/\/gardiennedespierres.fr\/wp-content\/uploads\/2025\/07\/FunPic_20250730_083344382-300x300.jpg 300w, https:\/\/gardiennedespierres.fr\/wp-content\/uploads\/2025\/07\/FunPic_20250730_083344382-150x150.jpg 150w, https:\/\/gardiennedespierres.fr\/wp-content\/uploads\/2025\/07\/FunPic_20250730_083344382-768x768.jpg 768w, https:\/\/gardiennedespierres.fr\/wp-content\/uploads\/2025\/07\/FunPic_20250730_083344382-1536x1536.jpg 1536w, https:\/\/gardiennedespierres.fr\/wp-content\/uploads\/2025\/07\/FunPic_20250730_083344382.jpg 1920w\" sizes=\"auto, (max-width: 1024px) 100vw, 1024px\" \/><\/figure>\n\n\n\n<figure class=\"wp-block-image size-large\"><img loading=\"lazy\" decoding=\"async\" width=\"1024\" height=\"1024\" src=\"http:\/\/gardiennedespierres.fr\/wp-content\/uploads\/2025\/07\/temp_file_1753787418969-1024x1024.jpg\" alt=\"\" class=\"wp-image-144\" srcset=\"https:\/\/gardiennedespierres.fr\/wp-content\/uploads\/2025\/07\/temp_file_1753787418969-1024x1024.jpg 1024w, https:\/\/gardiennedespierres.fr\/wp-content\/uploads\/2025\/07\/temp_file_1753787418969-300x300.jpg 300w, https:\/\/gardiennedespierres.fr\/wp-content\/uploads\/2025\/07\/temp_file_1753787418969-150x150.jpg 150w, https:\/\/gardiennedespierres.fr\/wp-content\/uploads\/2025\/07\/temp_file_1753787418969-768x768.jpg 768w, https:\/\/gardiennedespierres.fr\/wp-content\/uploads\/2025\/07\/temp_file_1753787418969-1536x1536.jpg 1536w, https:\/\/gardiennedespierres.fr\/wp-content\/uploads\/2025\/07\/temp_file_1753787418969.jpg 1920w\" sizes=\"auto, (max-width: 1024px) 100vw, 1024px\" \/><\/figure>\n\n\n\n<figure class=\"wp-block-image size-large\"><img loading=\"lazy\" decoding=\"async\" width=\"1024\" height=\"1024\" src=\"http:\/\/gardiennedespierres.fr\/wp-content\/uploads\/2025\/10\/temp_file_1760393400543-1024x1024.jpg\" alt=\"\" class=\"wp-image-295\" srcset=\"https:\/\/gardiennedespierres.fr\/wp-content\/uploads\/2025\/10\/temp_file_1760393400543-1024x1024.jpg 1024w, https:\/\/gardiennedespierres.fr\/wp-content\/uploads\/2025\/10\/temp_file_1760393400543-300x300.jpg 300w, https:\/\/gardiennedespierres.fr\/wp-content\/uploads\/2025\/10\/temp_file_1760393400543-150x150.jpg 150w, https:\/\/gardiennedespierres.fr\/wp-content\/uploads\/2025\/10\/temp_file_1760393400543-768x768.jpg 768w, https:\/\/gardiennedespierres.fr\/wp-content\/uploads\/2025\/10\/temp_file_1760393400543-1536x1536.jpg 1536w, https:\/\/gardiennedespierres.fr\/wp-content\/uploads\/2025\/10\/temp_file_1760393400543.jpg 1920w\" sizes=\"auto, (max-width: 1024px) 100vw, 1024px\" \/><\/figure>\n","protected":false},"excerpt":{"rendered":"<p>Nos services Nettoyage ponctuel ou r\u00e9gulier Nettoyage complet : D\u00e9sherbage autour de la s\u00e9pulture, enl\u00e8vement des fleurs\/plantes fan\u00e9es, d\u00e9poussi\u00e9rage, brossage manuel de la s\u00e9pulture avec produits \u00e9cologiques, nettoyage des ornements, rin\u00e7age. Fleurissement Plantation de plantes vivaces ou plantes de saison en pot ou bouquet de fleurs coup\u00e9es. Rapport photos Pour chaque intervention, nous vous envoyons [&hellip;]<\/p>\n","protected":false},"author":1,"featured_media":0,"parent":0,"menu_order":0,"comment_status":"open","ping_status":"closed","template":"","meta":{"footnotes":""},"class_list":["post-21","page","type-page","status-publish","hentry"],"_links":{"self":[{"href":"https:\/\/gardiennedespierres.fr\/index.php\/wp-json\/wp\/v2\/pages\/21","targetHints":{"allow":["GET"]}}],"collection":[{"href":"https:\/\/gardiennedespierres.fr\/index.php\/wp-json\/wp\/v2\/pages"}],"about":[{"href":"https:\/\/gardiennedespierres.fr\/index.php\/wp-json\/wp\/v2\/types\/page"}],"author":[{"embeddable":true,"href":"https:\/\/gardiennedespierres.fr\/index.php\/wp-json\/wp\/v2\/users\/1"}],"replies":[{"embeddable":true,"href":"https:\/\/gardiennedespierres.fr\/index.php\/wp-json\/wp\/v2\/comments?post=21"}],"version-history":[{"count":116,"href":"https:\/\/gardiennedespierres.fr\/index.php\/wp-json\/wp\/v2\/pages\/21\/revisions"}],"predecessor-version":[{"id":347,"href":"https:\/\/gardiennedespierres.fr\/index.php\/wp-json\/wp\/v2\/pages\/21\/revisions\/347"}],"wp:attachment":[{"href":"https:\/\/gardiennedespierres.fr\/index.php\/wp-json\/wp\/v2\/media?parent=21"}],"curies":[{"name":"wp","href":"https:\/\/api.w.org\/{rel}","templated":true}]}}